{"id":1868,"date":"2018-05-22T16:22:30","date_gmt":"2018-05-22T14:22:30","guid":{"rendered":"https:\/\/www.cate.it\/the-company\/privacy\/"},"modified":"2024-04-23T11:36:15","modified_gmt":"2024-04-23T09:36:15","slug":"privacy","status":"publish","type":"page","link":"https:\/\/www.cate.it\/en\/the-company\/privacy\/","title":{"rendered":"Privacy"},"content":{"rendered":"<h1 class=\"viewTitolo\">Privacy &#8211; Gestione e Trattamento dei dati<\/h1>\n<p>CATE S.r.l effettua il trattamento dei tuoi dati in ottemperanza al Regolamento europeo (UE) 2016\/679 relativo alla protezione delle persone fisiche con riguardo al trattamento dei dati personali.<\/p>\n<p><strong class=\"userFormat1\"> Titolari del trattamento dei dati personali<\/strong><br \/>\nIl titolare del trattamento dei dati che ci fornisci attraverso il sito internet <a href=\"https:\/\/www.cate.it\">cate.it<\/a>\u00a0 \u00e8 CATE S.r.l.con sede legale c\/o CATE S.r.l., via Della Ricerca Scientifica, 13 (int. 14) nella persona del legale rappresentante di CATE S.r.l. al quale potrai rivolgerti per far valere i tuoi diritti come sancito dalle sezioni 3 e 4 del Regolamento Europeo (UE) 2016\/679.<\/p>\n<p><strong class=\"userFormat1\"> Quali dati personali trattiamo?<\/strong><br \/>\nCATE S.r.l. tratta diverse categorie di dati, in particolare:<\/p>\n<p><em class=\"userFormat2\"><strong class=\"userFormat1\">Dati forniti volontariamente dall\u2019utente<\/strong><\/em><br \/>\nIn questa categoria rientrano i dati personali che tu stesso deciderai di fornirci attraverso i form presenti sul seguente sito <a href=\"https:\/\/www.cate.it\">cate.it<\/a>, contattandoci via e-mail o telefono. I dati che andiamo a trattare e proteggere sono quelli relativi alla tua identit\u00e0, all&#8217;azienda per conto della quale ci contatti, all&#8217;ubicazione geografica della stessa e alle modalit\u00e0 per ricontattare te e\/o l\u2019azienda (indirizzo e-mail e\/o numero di telefono). Infine, trattiamo e proteggiamo i dati che tu stesso deciderai di fornirci inviandoci la tua candidatura ad una delle posizioni lavorative aperte in CATE S.r.l. o una candidatura spontanea per lavorare presso CATE S.r.l.<\/p>\n<p><em class=\"userFormat2\"><strong class=\"userFormat1\">Dati di navigazione<\/strong><\/em><br \/>\nI sistemi informatici e le procedure\u00a0software\u00a0preposte al funzionamento di questo sito\u00a0web\u00a0acquisiscono, nel corso del loro normale esercizio, alcuni dati personali la cui trasmissione \u00e8 implicita nell&#8217;uso dei protocolli di comunicazione di Internet. Si tratta di informazioni che non sono raccolte per essere associate a interessati identificati, ma che per loro stessa natura potrebbero, attraverso elaborazioni ed associazioni con dati detenuti da terzi, permettere di identificare gli utenti. In questa categoria di dati rientrano gli indirizzi IP o i nomi a dominio dei computer utilizzati dagli utenti che si connettono al sito, gli indirizzi in notazione\u00a0URI (Uniform Resource Identifier)\u00a0delle risorse richieste, l&#8217;orario della richiesta, il metodo utilizzato nel sottoporre la richiesta al server, la dimensione del file ottenuto in risposta, il codice numerico indicante lo stato della risposta data dal\u00a0server\u00a0(buon fine, errore, ecc.) ed altri parametri relativi al sistema operativo e all&#8217;ambiente informatico dell&#8217;utente.<br \/>\nQuesti dati vengono utilizzati al solo fine di ricavare informazioni statistiche anonime sull&#8217;uso del sito e per controllarne il corretto funzionamento e vengono cancellati immediatamente dopo l&#8217;elaborazione.<\/p>\n<p><em class=\"userFormat2\"><strong class=\"userFormat1\">Cookies<\/strong><\/em><br \/>\nSui siti\u00a0\u00a0sono presenti cookies al fine di migliorare l\u2019esperienza di navigazione e a fini statistici.<br \/>\nNello specifico sono presenti:<\/p>\n<p>a)\u00a0cookies tecnici: in questa categoria rientrano i cookies che permettono a programmi di analisi statistica dei siti internet di ottenere dati aggregati (ad es. Google Analytics).<br \/>\nb)\u00a0cookies di terze parti: i soli cookies ricollegabili a terze parti presenti nei suddetti siti internet sono quelli legati ai pulsanti di condivisione sui seguenti social networks:\u00a0<a class=\"target_blank\" title=\" (Questo collegamento aprir\u00e0 una nuova finestra)\" href=\"http:\/\/www.facebook.com\/\">www.facebook.com<\/a>,\u00a0<a class=\"target_blank\" title=\" (Questo collegamento aprir\u00e0 una nuova finestra)\" href=\"http:\/\/www.twitter.com\/\">www.twitter.com<\/a>,\u00a0<a class=\"target_blank\" title=\" (Questo collegamento aprir\u00e0 una nuova finestra)\" href=\"http:\/\/www.linkedin.com\/\">www.linkedin.com<\/a><\/p>\n<p><strong class=\"userFormat1\">Come vengono raccolti i dati?<\/strong><br \/>\nIl trattamento dei dati che inserisci nei form sul sito <a href=\"https:\/\/www.cate.it\">cate.it<\/a> viene effettuato avvalendosi di procedure informatiche automatizzate che, tra gli altri scopi hanno anche quello della profilazione. I dati vengono conservati sia in forma digitale che in forma cartacea presso la sede legale di CATE S.r.l. e sono accessibili solo ed esclusivamente al personale autorizzato alla consultazione degli stessi. CATE S.r.l. osserva specifiche misure di sicurezza per prevenire la perdita dei dati, usi illeciti o non corretti ed accessi non autorizzati. La raccolta dati da terze parti avviene con procedura informatica automatizzata, le modalit\u00e0 di trattamento di tali dati sono stabilite dalle terze parti che, pertanto, vanno considerate responsabili del trattamento di questi specifici dati.<\/p>\n<p><strong class=\"userFormat1\"> Perch\u00e9 trattiamo questi dati personali?<\/strong><br \/>\nLe finalit\u00e0 del trattamento dei tuoi dati personali sono diverse ma accomunate dalla volont\u00e0 di soddisfare le tue esigenze. In particolare, la liceit\u00e0 del trattamento \u00e8 data dalla finalit\u00e0 di:<\/p>\n<p>a) soddisfare esigenze precontrattuali (es. istruzione di offerte o ordini del cliente, verifiche solvibilit\u00e0 ecc.);<br \/>\nb) adempiere obblighi contrattuali (fornitura o acquisto di beni e\/o servizi) e legali (es. tenuta contabilit\u00e0, formalit\u00e0 fiscali, gestione amministrativa e contabile di tesoreria);<br \/>\nc) gestione clienti e fornitori;<br \/>\nd) gestione affidamenti e controllo rischi (frodi, insolvenze ecc.);<br \/>\ne) gestione contenzioso e cessione crediti;<br \/>\nf) servizi finanziari strumentali alla gestione di clienti\/fornitori.<\/p>\n<p>Al fine di rendere ancor pi\u00f9 comprensibili i motivi della raccolta dei dati, riportiamo le seguenti specifiche:<\/p>\n<p>1. I dati che ci invii attraverso i form di contatto sul sito web <a href=\"https:\/\/www.cate.it\">cate.it<\/a>, via e-mail, via telefono o fax vengono raccolti e trattati col fine ultimo di ottemperare alla tua richiesta, sia essa una richiesta di informazioni, di preventivo, di assistenza tecnica o un ordine di acquisto.<br \/>\n2.\u00a0I dati relativi ai tuoi acquisti, alle riparazioni effettuate e alle spedizioni vengono raccolti e conservati col fine unico di permetterti di avere accesso a documenti amministrativi e fiscali.<br \/>\n3.\u00a0I dati che ci invii per candidarti spontaneamente a lavorare nella nostra azienda o in risposta ad una posizione aperta nella sezione \u201clavora con noi\u201d vengono raccolti e conservati esclusivamente per considerare la tua candidatura.<br \/>\n4.\u00a0I tuoi dati vengono raccolti, previo consenso, anche per inviarti le nostre newsletter e le nostre comunicazioni commerciali relative a eventi, prodotti, tecnologie, offerte a te riservate ecc. Ti ricordiamo che puoi, in ogni momento, cancellare la tua iscrizione alla nostra newsletter o modificare le impostazioni di ricezione seguendo le istruzioni presenti in tutte le e-mail con mittente CATE S.r.l. oppure inviando una mail a\u00a0<a href=\"mailto:marketing@cate.it\">marketing@cate.it<\/a>\u00a0.<\/p>\n<p><strong class=\"userFormat1\"> A chi vengono ceduti i tuoi dati?<\/strong><br \/>\nI dati che ci fornisci volontariamente non saranno mai ceduti a terzi per finalit\u00e0 commerciali. Tuttavia, al fine di ottemperare a obblighi di legge e di eseguire misure precontrattuali e contrattuali si rende necessario comunicare i tuoi dati a:<\/p>\n<p>1) banche e istituti di credito, per l\u2019effettuazione dei pagamenti;<br \/>\n2) societ\u00e0 di recupero e\/o cessione di crediti;<br \/>\n3) professionisti e studi professionali (legali, commercialisti, revisori contabili ecc.)<br \/>\n4) altre societ\u00e0, enti e\/o persone fisiche che svolgono attivit\u00e0 strumentali, di supporto o funzionali all\u2019esecuzione dei contratti o servizi richiesti;<\/p>\n<p>Tali soggetti tratteranno e, a loro volta, comunicheranno a terzi i dati in qualit\u00e0 di \u201ctitolari\u201d o \u201cresponsabili esterni\u201d, cos\u00ec come i soggetti che raccolgono dati attraverso i cookies tecnici e di navigazione.<\/p>\n<p><strong class=\"userFormat1\"> Diritti degli interessati<\/strong><br \/>\nPotrai accedere a tutti i dati personali che ci hai fornito, richiederne la modifica o la cancellazione in ogni momento. Per farlo ti baster\u00e0 inviare una mail a\u00a0<a href=\"mailto:marketing@cate.it\">marketing@cate.it<\/a>. In particolare potrai ottenere la conferma dell\u2019esistenza o meno di un trattamento dei tuoi dati personali come previsto e accedere ai dati trattati, anche prima che questi vengano registrati, come previsto dall\u2019art.15\u00a0 del Regolamento (UE\/2016\/679). Oltre alla conferma dell\u2019esistenza del trattamento, hai diritto alla rettifica o alla cancellazione dei dati (artt. 16-17 GDPR), alla limitazione del trattamento (qualora ricorra una delle ipotesi previste dall\u2019art. 18 GDPR), alla portabilit\u00e0 dei tuoi dati (art.20 GDPR) e ad opporti al trattamento (art.21 GDPR). Per conoscere maggiormente nel dettaglio i tuoi diritti relativamente ai tuoi dati personali ti invitiamo a consultare il testo degli articoli 15, 16, 17, 18, 19, 20, 21, 22 del Regolamento (UE\/2016\/679).<\/p>\n<p>L&#8217;interessato, ricorrendone i presupposti, ha altres\u00ec il diritto di proporre reclamo al Garante quale autorit\u00e0 di<br \/>\ncontrollo, qualora ritenga che il trattamento dei propri dati personali avvenga in violazione di quanto previsto<br \/>\ndalla normativa vigente.<\/p>\n<p><strong class=\"userFormat1\"> Reclamo<\/strong><br \/>\nTi ricordiamo, infine, che hai diritto in ogni momento a sporgere reclamo al Garante europeo della protezione dei dati utilizzando il modulo contenuto in questa pagina\u00a0<a href=\"https:\/\/europa.eu\/european-union\/about-eu\/institutions-bodies\/european-data-protection-supervisor_en#overview\">https:\/\/europa.eu\/european-union\/about-eu\/institutions-bodies\/european-data-protection-supervisor_en#overview<\/a>.<\/p>\n","protected":false},"excerpt":{"rendered":"<p>Privacy &#8211; Gestione e Trattamento dei dati CATE S.r.l effettua il trattamento dei tuoi dati in ottemperanza al Regolamento europeo (UE) 2016\/679 relativo alla protezione delle persone fisiche con riguardo&#8230;<\/p>\n","protected":false},"author":2,"featured_media":0,"parent":880,"menu_order":4,"comment_status":"closed","ping_status":"closed","template":"","meta":{"footnotes":""},"_links":{"self":[{"href":"https:\/\/www.cate.it\/en\/wp-json\/wp\/v2\/pages\/1868"}],"collection":[{"href":"https:\/\/www.cate.it\/en\/wp-json\/wp\/v2\/pages"}],"about":[{"href":"https:\/\/www.cate.it\/en\/wp-json\/wp\/v2\/types\/page"}],"author":[{"embeddable":true,"href":"https:\/\/www.cate.it\/en\/wp-json\/wp\/v2\/users\/2"}],"replies":[{"embeddable":true,"href":"https:\/\/www.cate.it\/en\/wp-json\/wp\/v2\/comments?post=1868"}],"version-history":[{"count":1,"href":"https:\/\/www.cate.it\/en\/wp-json\/wp\/v2\/pages\/1868\/revisions"}],"predecessor-version":[{"id":5838,"href":"https:\/\/www.cate.it\/en\/wp-json\/wp\/v2\/pages\/1868\/revisions\/5838"}],"up":[{"embeddable":true,"href":"https:\/\/www.cate.it\/en\/wp-json\/wp\/v2\/pages\/880"}],"wp:attachment":[{"href":"https:\/\/www.cate.it\/en\/wp-json\/wp\/v2\/media?parent=1868"}],"curies":[{"name":"wp","href":"https:\/\/api.w.org\/{rel}","templated":true}]}}